{"id":4434,"date":"2024-05-13T13:37:13","date_gmt":"2024-05-13T11:37:13","guid":{"rendered":"https:\/\/carpe.studio\/?page_id=4434"},"modified":"2024-05-13T13:37:13","modified_gmt":"2024-05-13T11:37:13","slug":"cookies-policy","status":"publish","type":"page","link":"https:\/\/carpe.studio\/en\/cookies-policy\/","title":{"rendered":"Cookies Policy"},"content":{"rendered":"<p>1. Definition and generic function of cookies<\/p>\n<p>Carpe Estudio Coop. V., the owner of this website, informs you that cookies and\/or similar technologies are used to store and retrieve information when you browse. In general, these technologies can be used for a wide range of purposes, such as, for example, recognising you as a user, obtaining information about your browsing habits, or personalising the way in which content is displayed. The specific uses we make of these technologies are described below.<\/p>\n<p>2. Information on the type of cookies used and their purpose<\/p>\n<p>Technical: these are those necessary for browsing and the proper functioning of the website. They allow, for example, to control traffic and data communication, access restricted areas, use security elements, store content in order to broadcast videos or share content through social networks.<br \/>\nPersonalisation cookies: these allow the user to access the service with predefined characteristics according to a series of criteria, such as language, the type of browser used to access the service, the regional configuration from which the service is accessed, etc.<br \/>\nAnalysis: these are those which, processed by us or by third parties, allow us to quantify the number of users and thus carry out the measurement and statistical analysis of the use made by users of the service offered. To do this, your browsing on our website is analysed in order to improve the range of products or services that we offer.<\/p>\n<p>3. Identification of who uses cookies<\/p>\n<p>The information obtained by cookies is processed only by Carpe Estudio Coop. V. and\/or by third parties that provide a service for which the use of cookies is required:<\/p>\n<p>First-party cookies: are those that are sent to your computer from our own equipment or domains and from which we provide the service you request.<br \/>\nThird-party cookies: those that are sent to your computer from a computer or domain that is not managed by us, but by another collaborating entity. Such as, for example, those used by social networks, or by external content such as Google, which allow us to quantify the number of users and thus carry out the measurement and statistical analysis of the use made by users of the service offered. To do this, your browsing on our website is analysed in order to improve the range of products or services that we offer.<\/p>\n<p>4. Conservation period<\/p>\n<p>Session cookies: these are temporary cookies that remain in the cookie file of your browser until the user leaves the website, so none of them remain registered on the hard drive of your computer. The information obtained through these cookies is used to analyse web traffic patterns. In the long run, this allows us to provide a better experience to improve the content and facilitate its use.<br \/>\nPersistent cookies: these are stored on the hard drive and our website reads them each time the user makes a new visit. A permanent cookie has a specific expiry date. The cookie will stop working after that date.<\/p>\n<p>5. Enabling, restricting and\/or disabling cookies<\/p>\n<p>You can allow or block cookies, as well as delete your browsing data (including cookies) from the browser you are using. Please refer to the options and instructions provided by your browser for this purpose. Please note that if you accept third-party cookies, you must delete them from your browser options.<\/p>\n<p>6. We do not transfer data to third countries by the publisher.<\/p>\n<p>You can find out about any transfers to third countries made by the third parties identified in this cookie policy in their corresponding policies.<\/p>\n<p>7. Profiling<\/p>\n<p>We do not carry out profiling of any kind.<\/p>\n","protected":false},"excerpt":{"rendered":"<p>1. Definition and generic function of cookies Carpe Estudio Coop. V., the owner of this website, informs you that cookies and\/or similar technologies are used to store and retrieve information when you browse. In general, these technologies can be used for a wide range of purposes, such as, for example, recognising you as a user, [&hellip;]<\/p>\n","protected":false},"author":3,"featured_media":0,"parent":0,"menu_order":0,"comment_status":"closed","ping_status":"closed","template":"","meta":{"_acf_changed":false,"inline_featured_image":false,"footnotes":""},"class_list":["post-4434","page","type-page","status-publish","hentry"],"acf":[],"yoast_head":"<!-- This site is optimized with the Yoast SEO plugin v27.3 - https:\/\/yoast.com\/product\/yoast-seo-wordpress\/ -->\n<title>Cookies Policy - Carpe<\/title>\n<meta name=\"robots\" content=\"index, follow, max-snippet:-1, max-image-preview:large, max-video-preview:-1\" \/>\n<link rel=\"canonical\" href=\"https:\/\/carpe.studio\/en\/cookies-policy\/\" \/>\n<meta property=\"og:locale\" content=\"en_US\" \/>\n<meta property=\"og:type\" content=\"article\" \/>\n<meta property=\"og:title\" content=\"Cookies Policy - Carpe\" \/>\n<meta property=\"og:description\" content=\"1. Definition and generic function of cookies Carpe Estudio Coop. V., the owner of this website, informs you that cookies and\/or similar technologies are used to store and retrieve information when you browse. In general, these technologies can be used for a wide range of purposes, such as, for example, recognising you as a user, [&hellip;]\" \/>\n<meta property=\"og:url\" content=\"https:\/\/carpe.studio\/en\/cookies-policy\/\" \/>\n<meta property=\"og:site_name\" content=\"Carpe\" \/>\n<meta name=\"twitter:card\" content=\"summary_large_image\" \/>\n<meta name=\"twitter:label1\" content=\"Est. reading time\" \/>\n\t<meta name=\"twitter:data1\" content=\"3 minutes\" \/>\n<script type=\"application\/ld+json\" class=\"yoast-schema-graph\">{\"@context\":\"https:\\\/\\\/schema.org\",\"@graph\":[{\"@type\":\"WebPage\",\"@id\":\"https:\\\/\\\/carpe.studio\\\/en\\\/cookies-policy\\\/\",\"url\":\"https:\\\/\\\/carpe.studio\\\/en\\\/cookies-policy\\\/\",\"name\":\"Cookies Policy - Carpe\",\"isPartOf\":{\"@id\":\"https:\\\/\\\/carpe.studio\\\/#website\"},\"datePublished\":\"2024-05-13T11:37:13+00:00\",\"breadcrumb\":{\"@id\":\"https:\\\/\\\/carpe.studio\\\/en\\\/cookies-policy\\\/#breadcrumb\"},\"inLanguage\":\"en-US\",\"potentialAction\":[{\"@type\":\"ReadAction\",\"target\":[\"https:\\\/\\\/carpe.studio\\\/en\\\/cookies-policy\\\/\"]}]},{\"@type\":\"BreadcrumbList\",\"@id\":\"https:\\\/\\\/carpe.studio\\\/en\\\/cookies-policy\\\/#breadcrumb\",\"itemListElement\":[{\"@type\":\"ListItem\",\"position\":1,\"name\":\"Portada\",\"item\":\"https:\\\/\\\/carpe.studio\\\/en\\\/\"},{\"@type\":\"ListItem\",\"position\":2,\"name\":\"Cookies Policy\"}]},{\"@type\":\"WebSite\",\"@id\":\"https:\\\/\\\/carpe.studio\\\/#website\",\"url\":\"https:\\\/\\\/carpe.studio\\\/\",\"name\":\"Carpe.studio\",\"description\":\"Dise\u00f1o, colaboraci\u00f3n e innovaci\u00f3n ciudadana\",\"publisher\":{\"@id\":\"https:\\\/\\\/carpe.studio\\\/#organization\"},\"potentialAction\":[{\"@type\":\"SearchAction\",\"target\":{\"@type\":\"EntryPoint\",\"urlTemplate\":\"https:\\\/\\\/carpe.studio\\\/?s={search_term_string}\"},\"query-input\":{\"@type\":\"PropertyValueSpecification\",\"valueRequired\":true,\"valueName\":\"search_term_string\"}}],\"inLanguage\":\"en-US\"},{\"@type\":\"Organization\",\"@id\":\"https:\\\/\\\/carpe.studio\\\/#organization\",\"name\":\"Carpe.studio\",\"url\":\"https:\\\/\\\/carpe.studio\\\/\",\"logo\":{\"@type\":\"ImageObject\",\"inLanguage\":\"en-US\",\"@id\":\"https:\\\/\\\/carpe.studio\\\/#\\\/schema\\\/logo\\\/image\\\/\",\"url\":\"https:\\\/\\\/carpe.studio\\\/wp-content\\\/uploads\\\/2022\\\/12\\\/carpe-logo-newsletter5.png\",\"contentUrl\":\"https:\\\/\\\/carpe.studio\\\/wp-content\\\/uploads\\\/2022\\\/12\\\/carpe-logo-newsletter5.png\",\"width\":194,\"height\":49,\"caption\":\"Carpe.studio\"},\"image\":{\"@id\":\"https:\\\/\\\/carpe.studio\\\/#\\\/schema\\\/logo\\\/image\\\/\"}}]}<\/script>\n<!-- \/ Yoast SEO plugin. -->","yoast_head_json":{"title":"Cookies Policy - Carpe","robots":{"index":"index","follow":"follow","max-snippet":"max-snippet:-1","max-image-preview":"max-image-preview:large","max-video-preview":"max-video-preview:-1"},"canonical":"https:\/\/carpe.studio\/en\/cookies-policy\/","og_locale":"en_US","og_type":"article","og_title":"Cookies Policy - Carpe","og_description":"1. Definition and generic function of cookies Carpe Estudio Coop. V., the owner of this website, informs you that cookies and\/or similar technologies are used to store and retrieve information when you browse. In general, these technologies can be used for a wide range of purposes, such as, for example, recognising you as a user, [&hellip;]","og_url":"https:\/\/carpe.studio\/en\/cookies-policy\/","og_site_name":"Carpe","twitter_card":"summary_large_image","twitter_misc":{"Est. reading time":"3 minutes"},"schema":{"@context":"https:\/\/schema.org","@graph":[{"@type":"WebPage","@id":"https:\/\/carpe.studio\/en\/cookies-policy\/","url":"https:\/\/carpe.studio\/en\/cookies-policy\/","name":"Cookies Policy - Carpe","isPartOf":{"@id":"https:\/\/carpe.studio\/#website"},"datePublished":"2024-05-13T11:37:13+00:00","breadcrumb":{"@id":"https:\/\/carpe.studio\/en\/cookies-policy\/#breadcrumb"},"inLanguage":"en-US","potentialAction":[{"@type":"ReadAction","target":["https:\/\/carpe.studio\/en\/cookies-policy\/"]}]},{"@type":"BreadcrumbList","@id":"https:\/\/carpe.studio\/en\/cookies-policy\/#breadcrumb","itemListElement":[{"@type":"ListItem","position":1,"name":"Portada","item":"https:\/\/carpe.studio\/en\/"},{"@type":"ListItem","position":2,"name":"Cookies Policy"}]},{"@type":"WebSite","@id":"https:\/\/carpe.studio\/#website","url":"https:\/\/carpe.studio\/","name":"Carpe.studio","description":"Dise\u00f1o, colaboraci\u00f3n e innovaci\u00f3n ciudadana","publisher":{"@id":"https:\/\/carpe.studio\/#organization"},"potentialAction":[{"@type":"SearchAction","target":{"@type":"EntryPoint","urlTemplate":"https:\/\/carpe.studio\/?s={search_term_string}"},"query-input":{"@type":"PropertyValueSpecification","valueRequired":true,"valueName":"search_term_string"}}],"inLanguage":"en-US"},{"@type":"Organization","@id":"https:\/\/carpe.studio\/#organization","name":"Carpe.studio","url":"https:\/\/carpe.studio\/","logo":{"@type":"ImageObject","inLanguage":"en-US","@id":"https:\/\/carpe.studio\/#\/schema\/logo\/image\/","url":"https:\/\/carpe.studio\/wp-content\/uploads\/2022\/12\/carpe-logo-newsletter5.png","contentUrl":"https:\/\/carpe.studio\/wp-content\/uploads\/2022\/12\/carpe-logo-newsletter5.png","width":194,"height":49,"caption":"Carpe.studio"},"image":{"@id":"https:\/\/carpe.studio\/#\/schema\/logo\/image\/"}}]}},"_links":{"self":[{"href":"https:\/\/carpe.studio\/en\/wp-json\/wp\/v2\/pages\/4434","targetHints":{"allow":["GET"]}}],"collection":[{"href":"https:\/\/carpe.studio\/en\/wp-json\/wp\/v2\/pages"}],"about":[{"href":"https:\/\/carpe.studio\/en\/wp-json\/wp\/v2\/types\/page"}],"author":[{"embeddable":true,"href":"https:\/\/carpe.studio\/en\/wp-json\/wp\/v2\/users\/3"}],"replies":[{"embeddable":true,"href":"https:\/\/carpe.studio\/en\/wp-json\/wp\/v2\/comments?post=4434"}],"version-history":[{"count":1,"href":"https:\/\/carpe.studio\/en\/wp-json\/wp\/v2\/pages\/4434\/revisions"}],"predecessor-version":[{"id":4435,"href":"https:\/\/carpe.studio\/en\/wp-json\/wp\/v2\/pages\/4434\/revisions\/4435"}],"wp:attachment":[{"href":"https:\/\/carpe.studio\/en\/wp-json\/wp\/v2\/media?parent=4434"}],"curies":[{"name":"wp","href":"https:\/\/api.w.org\/{rel}","templated":true}]}}