{"id":3864,"date":"2024-05-09T16:47:50","date_gmt":"2024-05-09T14:47:50","guid":{"rendered":"https:\/\/carpe.studio\/?page_id=3864"},"modified":"2024-05-09T16:47:50","modified_gmt":"2024-05-09T14:47:50","slug":"newsletter","status":"publish","type":"page","link":"https:\/\/carpe.studio\/en\/newsletter\/","title":{"rendered":"Newsletter"},"content":{"rendered":"<p>Thank you for subscribing to our newsletter. Don&#8217;t worry, we won&#8217;t fill up your inbox. If you want to consult some of the previous ones, here you have an archive:<\/p>\n<div class=\"tnp-archive\"><ul><li><a href=\"https:\/\/carpe.studio\/en\/?na=view&id=24\" target=\"_blank\">Un brindis por lo vivido y por lo que viene<\/a><\/li><li><a href=\"https:\/\/carpe.studio\/en\/?na=view&id=21\" target=\"_blank\">Antes de un merecido descanso, te contamos<\/a><\/li><li><a href=\"https:\/\/carpe.studio\/en\/?na=view&id=19\" target=\"_blank\">Cerramos el a\u00f1o y te contamos todo (bueno, casi todo)<\/a><\/li><li><a href=\"https:\/\/carpe.studio\/en\/?na=view&id=17\" target=\"_blank\">\u00a1Que el ritmo no pare! \ud83d\ude80<\/a><\/li><li><a href=\"https:\/\/carpe.studio\/en\/?na=view&id=14\" target=\"_blank\">3, 2, 1, \u00a1a por el 2024!<\/a><\/li><li><a href=\"https:\/\/carpe.studio\/en\/?na=view&id=12\" target=\"_blank\">De la playa a la pantalla. Proyectos frescos de Carpe<\/a><\/li><li><a href=\"https:\/\/carpe.studio\/en\/?na=view&id=10\" target=\"_blank\">Catarsis al 2023<\/a><\/li><li><a href=\"https:\/\/carpe.studio\/en\/?na=view&id=9\" target=\"_blank\">\u00bfHasta cu\u00e1ndo podemos decir \u201cFeliz A\u00f1o Nuevo\u201d?<\/a><\/li><li><a href=\"https:\/\/carpe.studio\/en\/?na=view&id=8\" target=\"_blank\">No estaba muerta, estaba de parranda<\/a><\/li><li><a href=\"https:\/\/carpe.studio\/en\/?na=view&id=7\" target=\"_blank\">Despu\u00e9s de la tormenta viene la marcha<\/a><\/li><li><a href=\"https:\/\/carpe.studio\/en\/?na=view&id=6\" target=\"_blank\">\u00bfNueva normalidad?<\/a><\/li><li><a href=\"https:\/\/carpe.studio\/en\/?na=view&id=5\" target=\"_blank\">Primavera de cuidados \ud83d\ude42<\/a><\/li><li><a href=\"https:\/\/carpe.studio\/en\/?na=view&id=4\" target=\"_blank\">Despedimos 2019 - Horizonte 2020<\/a><\/li><li><a href=\"https:\/\/carpe.studio\/en\/?na=view&id=2\" target=\"_blank\">\u00a1Bienvenida a la newsletter de CARPE!<\/a><\/li><\/ul><\/div>\n","protected":false},"excerpt":{"rendered":"<p>Thank you for subscribing to our newsletter. Don&#8217;t worry, we won&#8217;t fill up your inbox. If you want to consult some of the previous ones, here you have an archive:<\/p>\n","protected":false},"author":3,"featured_media":0,"parent":0,"menu_order":0,"comment_status":"closed","ping_status":"closed","template":"newsletter.php","meta":{"_acf_changed":false,"inline_featured_image":false,"footnotes":""},"class_list":["post-3864","page","type-page","status-publish","hentry"],"acf":[],"yoast_head":"<!-- This site is optimized with the Yoast SEO plugin v27.4 - https:\/\/yoast.com\/product\/yoast-seo-wordpress\/ -->\n<title>Newsletter - Carpe<\/title>\n<meta name=\"robots\" content=\"index, follow, max-snippet:-1, max-image-preview:large, max-video-preview:-1\" \/>\n<link rel=\"canonical\" href=\"https:\/\/carpe.studio\/en\/newsletter\/\" \/>\n<meta property=\"og:locale\" content=\"en_US\" \/>\n<meta property=\"og:type\" content=\"article\" \/>\n<meta property=\"og:title\" content=\"Newsletter - Carpe\" \/>\n<meta property=\"og:description\" content=\"Thank you for subscribing to our newsletter. Don&#8217;t worry, we won&#8217;t fill up your inbox. If you want to consult some of the previous ones, here you have an archive:\" \/>\n<meta property=\"og:url\" content=\"https:\/\/carpe.studio\/en\/newsletter\/\" \/>\n<meta property=\"og:site_name\" content=\"Carpe\" \/>\n<meta name=\"twitter:card\" content=\"summary_large_image\" \/>\n<meta name=\"twitter:label1\" content=\"Est. reading time\" \/>\n\t<meta name=\"twitter:data1\" content=\"1 minute\" \/>\n<script type=\"application\/ld+json\" class=\"yoast-schema-graph\">{\"@context\":\"https:\\\/\\\/schema.org\",\"@graph\":[{\"@type\":\"WebPage\",\"@id\":\"https:\\\/\\\/carpe.studio\\\/en\\\/newsletter\\\/\",\"url\":\"https:\\\/\\\/carpe.studio\\\/en\\\/newsletter\\\/\",\"name\":\"Newsletter - Carpe\",\"isPartOf\":{\"@id\":\"https:\\\/\\\/carpe.studio\\\/#website\"},\"datePublished\":\"2024-05-09T14:47:50+00:00\",\"breadcrumb\":{\"@id\":\"https:\\\/\\\/carpe.studio\\\/en\\\/newsletter\\\/#breadcrumb\"},\"inLanguage\":\"en-US\",\"potentialAction\":[{\"@type\":\"ReadAction\",\"target\":[\"https:\\\/\\\/carpe.studio\\\/en\\\/newsletter\\\/\"]}]},{\"@type\":\"BreadcrumbList\",\"@id\":\"https:\\\/\\\/carpe.studio\\\/en\\\/newsletter\\\/#breadcrumb\",\"itemListElement\":[{\"@type\":\"ListItem\",\"position\":1,\"name\":\"Portada\",\"item\":\"https:\\\/\\\/carpe.studio\\\/en\\\/\"},{\"@type\":\"ListItem\",\"position\":2,\"name\":\"Newsletter\"}]},{\"@type\":\"WebSite\",\"@id\":\"https:\\\/\\\/carpe.studio\\\/#website\",\"url\":\"https:\\\/\\\/carpe.studio\\\/\",\"name\":\"Carpe.studio\",\"description\":\"Dise\u00f1o, colaboraci\u00f3n e innovaci\u00f3n ciudadana\",\"publisher\":{\"@id\":\"https:\\\/\\\/carpe.studio\\\/#organization\"},\"potentialAction\":[{\"@type\":\"SearchAction\",\"target\":{\"@type\":\"EntryPoint\",\"urlTemplate\":\"https:\\\/\\\/carpe.studio\\\/?s={search_term_string}\"},\"query-input\":{\"@type\":\"PropertyValueSpecification\",\"valueRequired\":true,\"valueName\":\"search_term_string\"}}],\"inLanguage\":\"en-US\"},{\"@type\":\"Organization\",\"@id\":\"https:\\\/\\\/carpe.studio\\\/#organization\",\"name\":\"Carpe.studio\",\"url\":\"https:\\\/\\\/carpe.studio\\\/\",\"logo\":{\"@type\":\"ImageObject\",\"inLanguage\":\"en-US\",\"@id\":\"https:\\\/\\\/carpe.studio\\\/#\\\/schema\\\/logo\\\/image\\\/\",\"url\":\"https:\\\/\\\/carpe.studio\\\/wp-content\\\/uploads\\\/2022\\\/12\\\/carpe-logo-newsletter5.png\",\"contentUrl\":\"https:\\\/\\\/carpe.studio\\\/wp-content\\\/uploads\\\/2022\\\/12\\\/carpe-logo-newsletter5.png\",\"width\":194,\"height\":49,\"caption\":\"Carpe.studio\"},\"image\":{\"@id\":\"https:\\\/\\\/carpe.studio\\\/#\\\/schema\\\/logo\\\/image\\\/\"}}]}<\/script>\n<!-- \/ Yoast SEO plugin. -->","yoast_head_json":{"title":"Newsletter - Carpe","robots":{"index":"index","follow":"follow","max-snippet":"max-snippet:-1","max-image-preview":"max-image-preview:large","max-video-preview":"max-video-preview:-1"},"canonical":"https:\/\/carpe.studio\/en\/newsletter\/","og_locale":"en_US","og_type":"article","og_title":"Newsletter - Carpe","og_description":"Thank you for subscribing to our newsletter. Don&#8217;t worry, we won&#8217;t fill up your inbox. If you want to consult some of the previous ones, here you have an archive:","og_url":"https:\/\/carpe.studio\/en\/newsletter\/","og_site_name":"Carpe","twitter_card":"summary_large_image","twitter_misc":{"Est. reading time":"1 minute"},"schema":{"@context":"https:\/\/schema.org","@graph":[{"@type":"WebPage","@id":"https:\/\/carpe.studio\/en\/newsletter\/","url":"https:\/\/carpe.studio\/en\/newsletter\/","name":"Newsletter - Carpe","isPartOf":{"@id":"https:\/\/carpe.studio\/#website"},"datePublished":"2024-05-09T14:47:50+00:00","breadcrumb":{"@id":"https:\/\/carpe.studio\/en\/newsletter\/#breadcrumb"},"inLanguage":"en-US","potentialAction":[{"@type":"ReadAction","target":["https:\/\/carpe.studio\/en\/newsletter\/"]}]},{"@type":"BreadcrumbList","@id":"https:\/\/carpe.studio\/en\/newsletter\/#breadcrumb","itemListElement":[{"@type":"ListItem","position":1,"name":"Portada","item":"https:\/\/carpe.studio\/en\/"},{"@type":"ListItem","position":2,"name":"Newsletter"}]},{"@type":"WebSite","@id":"https:\/\/carpe.studio\/#website","url":"https:\/\/carpe.studio\/","name":"Carpe.studio","description":"Dise\u00f1o, colaboraci\u00f3n e innovaci\u00f3n ciudadana","publisher":{"@id":"https:\/\/carpe.studio\/#organization"},"potentialAction":[{"@type":"SearchAction","target":{"@type":"EntryPoint","urlTemplate":"https:\/\/carpe.studio\/?s={search_term_string}"},"query-input":{"@type":"PropertyValueSpecification","valueRequired":true,"valueName":"search_term_string"}}],"inLanguage":"en-US"},{"@type":"Organization","@id":"https:\/\/carpe.studio\/#organization","name":"Carpe.studio","url":"https:\/\/carpe.studio\/","logo":{"@type":"ImageObject","inLanguage":"en-US","@id":"https:\/\/carpe.studio\/#\/schema\/logo\/image\/","url":"https:\/\/carpe.studio\/wp-content\/uploads\/2022\/12\/carpe-logo-newsletter5.png","contentUrl":"https:\/\/carpe.studio\/wp-content\/uploads\/2022\/12\/carpe-logo-newsletter5.png","width":194,"height":49,"caption":"Carpe.studio"},"image":{"@id":"https:\/\/carpe.studio\/#\/schema\/logo\/image\/"}}]}},"_links":{"self":[{"href":"https:\/\/carpe.studio\/en\/wp-json\/wp\/v2\/pages\/3864","targetHints":{"allow":["GET"]}}],"collection":[{"href":"https:\/\/carpe.studio\/en\/wp-json\/wp\/v2\/pages"}],"about":[{"href":"https:\/\/carpe.studio\/en\/wp-json\/wp\/v2\/types\/page"}],"author":[{"embeddable":true,"href":"https:\/\/carpe.studio\/en\/wp-json\/wp\/v2\/users\/3"}],"replies":[{"embeddable":true,"href":"https:\/\/carpe.studio\/en\/wp-json\/wp\/v2\/comments?post=3864"}],"version-history":[{"count":1,"href":"https:\/\/carpe.studio\/en\/wp-json\/wp\/v2\/pages\/3864\/revisions"}],"predecessor-version":[{"id":3866,"href":"https:\/\/carpe.studio\/en\/wp-json\/wp\/v2\/pages\/3864\/revisions\/3866"}],"wp:attachment":[{"href":"https:\/\/carpe.studio\/en\/wp-json\/wp\/v2\/media?parent=3864"}],"curies":[{"name":"wp","href":"https:\/\/api.w.org\/{rel}","templated":true}]}}