{"id":5062,"date":"2022-08-16T17:31:14","date_gmt":"2022-08-16T15:31:14","guid":{"rendered":"https:\/\/carpe.studio\/estudio\/"},"modified":"2024-09-11T11:01:25","modified_gmt":"2024-09-11T09:01:25","slug":"estudi","status":"publish","type":"page","link":"https:\/\/carpe.studio\/ca\/estudi\/","title":{"rendered":"Estudi"},"content":{"rendered":"","protected":false},"excerpt":{"rendered":"","protected":false},"author":6,"featured_media":0,"parent":0,"menu_order":0,"comment_status":"closed","ping_status":"closed","template":"about.php","meta":{"_acf_changed":false,"inline_featured_image":false,"footnotes":""},"class_list":["post-5062","page","type-page","status-publish","hentry"],"acf":[],"yoast_head":"<!-- This site is optimized with the Yoast SEO plugin v27.3 - https:\/\/yoast.com\/product\/yoast-seo-wordpress\/ -->\n<title>Estudi - Carpe<\/title>\n<meta name=\"description\" content=\"Creamos espacios de innovaci\u00f3n y colaboraci\u00f3n donde las personas son parte activa de la soluci\u00f3n. Podemos acompa\u00f1arte en diferentes procesos.\" \/>\n<meta name=\"robots\" content=\"index, follow, max-snippet:-1, max-image-preview:large, max-video-preview:-1\" \/>\n<link rel=\"canonical\" href=\"https:\/\/carpe.studio\/ca\/estudi\/\" \/>\n<meta property=\"og:locale\" content=\"ca_ES\" \/>\n<meta property=\"og:type\" content=\"article\" \/>\n<meta property=\"og:title\" content=\"Estudi - Carpe\" \/>\n<meta property=\"og:description\" content=\"Creamos espacios de innovaci\u00f3n y colaboraci\u00f3n donde las personas son parte activa de la soluci\u00f3n. Podemos acompa\u00f1arte en diferentes procesos.\" \/>\n<meta property=\"og:url\" content=\"https:\/\/carpe.studio\/ca\/estudi\/\" \/>\n<meta property=\"og:site_name\" content=\"Carpe\" \/>\n<meta property=\"article:modified_time\" content=\"2024-09-11T09:01:25+00:00\" \/>\n<meta name=\"twitter:card\" content=\"summary_large_image\" \/>\n<script type=\"application\/ld+json\" class=\"yoast-schema-graph\">{\"@context\":\"https:\\\/\\\/schema.org\",\"@graph\":[{\"@type\":\"WebPage\",\"@id\":\"https:\\\/\\\/carpe.studio\\\/ca\\\/estudi\\\/\",\"url\":\"https:\\\/\\\/carpe.studio\\\/ca\\\/estudi\\\/\",\"name\":\"Estudi - Carpe\",\"isPartOf\":{\"@id\":\"https:\\\/\\\/carpe.studio\\\/#website\"},\"datePublished\":\"2022-08-16T15:31:14+00:00\",\"dateModified\":\"2024-09-11T09:01:25+00:00\",\"description\":\"Creamos espacios de innovaci\u00f3n y colaboraci\u00f3n donde las personas son parte activa de la soluci\u00f3n. Podemos acompa\u00f1arte en diferentes procesos.\",\"breadcrumb\":{\"@id\":\"https:\\\/\\\/carpe.studio\\\/ca\\\/estudi\\\/#breadcrumb\"},\"inLanguage\":\"ca\",\"potentialAction\":[{\"@type\":\"ReadAction\",\"target\":[\"https:\\\/\\\/carpe.studio\\\/ca\\\/estudi\\\/\"]}]},{\"@type\":\"BreadcrumbList\",\"@id\":\"https:\\\/\\\/carpe.studio\\\/ca\\\/estudi\\\/#breadcrumb\",\"itemListElement\":[{\"@type\":\"ListItem\",\"position\":1,\"name\":\"Portada\",\"item\":\"https:\\\/\\\/carpe.studio\\\/ca\\\/\"},{\"@type\":\"ListItem\",\"position\":2,\"name\":\"Estudi\"}]},{\"@type\":\"WebSite\",\"@id\":\"https:\\\/\\\/carpe.studio\\\/#website\",\"url\":\"https:\\\/\\\/carpe.studio\\\/\",\"name\":\"Carpe.studio\",\"description\":\"Dise\u00f1o, colaboraci\u00f3n e innovaci\u00f3n ciudadana\",\"publisher\":{\"@id\":\"https:\\\/\\\/carpe.studio\\\/#organization\"},\"potentialAction\":[{\"@type\":\"SearchAction\",\"target\":{\"@type\":\"EntryPoint\",\"urlTemplate\":\"https:\\\/\\\/carpe.studio\\\/?s={search_term_string}\"},\"query-input\":{\"@type\":\"PropertyValueSpecification\",\"valueRequired\":true,\"valueName\":\"search_term_string\"}}],\"inLanguage\":\"ca\"},{\"@type\":\"Organization\",\"@id\":\"https:\\\/\\\/carpe.studio\\\/#organization\",\"name\":\"Carpe.studio\",\"url\":\"https:\\\/\\\/carpe.studio\\\/\",\"logo\":{\"@type\":\"ImageObject\",\"inLanguage\":\"ca\",\"@id\":\"https:\\\/\\\/carpe.studio\\\/#\\\/schema\\\/logo\\\/image\\\/\",\"url\":\"https:\\\/\\\/carpe.studio\\\/wp-content\\\/uploads\\\/2022\\\/12\\\/carpe-logo-newsletter5.png\",\"contentUrl\":\"https:\\\/\\\/carpe.studio\\\/wp-content\\\/uploads\\\/2022\\\/12\\\/carpe-logo-newsletter5.png\",\"width\":194,\"height\":49,\"caption\":\"Carpe.studio\"},\"image\":{\"@id\":\"https:\\\/\\\/carpe.studio\\\/#\\\/schema\\\/logo\\\/image\\\/\"}}]}<\/script>\n<!-- \/ Yoast SEO plugin. -->","yoast_head_json":{"title":"Estudi - Carpe","description":"Creamos espacios de innovaci\u00f3n y colaboraci\u00f3n donde las personas son parte activa de la soluci\u00f3n. Podemos acompa\u00f1arte en diferentes procesos.","robots":{"index":"index","follow":"follow","max-snippet":"max-snippet:-1","max-image-preview":"max-image-preview:large","max-video-preview":"max-video-preview:-1"},"canonical":"https:\/\/carpe.studio\/ca\/estudi\/","og_locale":"ca_ES","og_type":"article","og_title":"Estudi - Carpe","og_description":"Creamos espacios de innovaci\u00f3n y colaboraci\u00f3n donde las personas son parte activa de la soluci\u00f3n. Podemos acompa\u00f1arte en diferentes procesos.","og_url":"https:\/\/carpe.studio\/ca\/estudi\/","og_site_name":"Carpe","article_modified_time":"2024-09-11T09:01:25+00:00","twitter_card":"summary_large_image","schema":{"@context":"https:\/\/schema.org","@graph":[{"@type":"WebPage","@id":"https:\/\/carpe.studio\/ca\/estudi\/","url":"https:\/\/carpe.studio\/ca\/estudi\/","name":"Estudi - Carpe","isPartOf":{"@id":"https:\/\/carpe.studio\/#website"},"datePublished":"2022-08-16T15:31:14+00:00","dateModified":"2024-09-11T09:01:25+00:00","description":"Creamos espacios de innovaci\u00f3n y colaboraci\u00f3n donde las personas son parte activa de la soluci\u00f3n. Podemos acompa\u00f1arte en diferentes procesos.","breadcrumb":{"@id":"https:\/\/carpe.studio\/ca\/estudi\/#breadcrumb"},"inLanguage":"ca","potentialAction":[{"@type":"ReadAction","target":["https:\/\/carpe.studio\/ca\/estudi\/"]}]},{"@type":"BreadcrumbList","@id":"https:\/\/carpe.studio\/ca\/estudi\/#breadcrumb","itemListElement":[{"@type":"ListItem","position":1,"name":"Portada","item":"https:\/\/carpe.studio\/ca\/"},{"@type":"ListItem","position":2,"name":"Estudi"}]},{"@type":"WebSite","@id":"https:\/\/carpe.studio\/#website","url":"https:\/\/carpe.studio\/","name":"Carpe.studio","description":"Dise\u00f1o, colaboraci\u00f3n e innovaci\u00f3n ciudadana","publisher":{"@id":"https:\/\/carpe.studio\/#organization"},"potentialAction":[{"@type":"SearchAction","target":{"@type":"EntryPoint","urlTemplate":"https:\/\/carpe.studio\/?s={search_term_string}"},"query-input":{"@type":"PropertyValueSpecification","valueRequired":true,"valueName":"search_term_string"}}],"inLanguage":"ca"},{"@type":"Organization","@id":"https:\/\/carpe.studio\/#organization","name":"Carpe.studio","url":"https:\/\/carpe.studio\/","logo":{"@type":"ImageObject","inLanguage":"ca","@id":"https:\/\/carpe.studio\/#\/schema\/logo\/image\/","url":"https:\/\/carpe.studio\/wp-content\/uploads\/2022\/12\/carpe-logo-newsletter5.png","contentUrl":"https:\/\/carpe.studio\/wp-content\/uploads\/2022\/12\/carpe-logo-newsletter5.png","width":194,"height":49,"caption":"Carpe.studio"},"image":{"@id":"https:\/\/carpe.studio\/#\/schema\/logo\/image\/"}}]}},"_links":{"self":[{"href":"https:\/\/carpe.studio\/ca\/wp-json\/wp\/v2\/pages\/5062","targetHints":{"allow":["GET"]}}],"collection":[{"href":"https:\/\/carpe.studio\/ca\/wp-json\/wp\/v2\/pages"}],"about":[{"href":"https:\/\/carpe.studio\/ca\/wp-json\/wp\/v2\/types\/page"}],"author":[{"embeddable":true,"href":"https:\/\/carpe.studio\/ca\/wp-json\/wp\/v2\/users\/6"}],"replies":[{"embeddable":true,"href":"https:\/\/carpe.studio\/ca\/wp-json\/wp\/v2\/comments?post=5062"}],"version-history":[{"count":11,"href":"https:\/\/carpe.studio\/ca\/wp-json\/wp\/v2\/pages\/5062\/revisions"}],"predecessor-version":[{"id":5202,"href":"https:\/\/carpe.studio\/ca\/wp-json\/wp\/v2\/pages\/5062\/revisions\/5202"}],"wp:attachment":[{"href":"https:\/\/carpe.studio\/ca\/wp-json\/wp\/v2\/media?parent=5062"}],"curies":[{"name":"wp","href":"https:\/\/api.w.org\/{rel}","templated":true}]}}