{"id":4436,"date":"2024-05-13T13:40:05","date_gmt":"2024-05-13T11:40:05","guid":{"rendered":"https:\/\/carpe.studio\/?page_id=4436"},"modified":"2024-05-13T14:22:44","modified_gmt":"2024-05-13T12:22:44","slug":"politica-de-cookies","status":"publish","type":"page","link":"https:\/\/carpe.studio\/ca\/politica-de-cookies\/","title":{"rendered":"Pol\u00edtica de Cookies"},"content":{"rendered":"<p>1. Definici\u00f3 i funci\u00f3 gen\u00e8rica de les cookies<\/p>\n<p>Carpe Estudi Coop. V., el titular d&#8217;aquest lloc web, informa que s&#8217;utilitzen cookies i\/o tecnologies similars que emmagatzemen i recuperen informaci\u00f3 quan navegues. En general, aquestes tecnologies poden servir per a finalitats molt diverses, com, per exemple, recon\u00e9ixer-te com a usuari, obtindre informaci\u00f3 sobre els teus h\u00e0bits de navegaci\u00f3, o personalitzar la forma en qu\u00e8 es mostra el contingut. Els usos concrets que fem d&#8217;aquestes tecnologies es descriuen a continuaci\u00f3.<\/p>\n<p>2. Informaci\u00f3 sobre el tipus de cookies que s&#8217;utilitzen i la seua finalitat<\/p>\n<p>T\u00e8cniques: s\u00f3n aquelles necess\u00e0ries per a la navegaci\u00f3 i el bon funcionament de la web. Permeten, per exemple, controlar el tr\u00e0nsit i la comunicaci\u00f3 de dades, accedir a parts d&#8217;acc\u00e9s restringit, utilitzar elements de seguretat, emmagatzemar continguts per a poder difondre v\u00eddeos o compartir continguts a trav\u00e9s de xarxes socials.<br \/>\nDe personalitzaci\u00f3: s\u00f3n aquelles que permeten a l&#8217;usuari\/a accedir al servei amb unes caracter\u00edstiques predefinides en funci\u00f3 d&#8217;una s\u00e8rie de criteris, com per exemple l&#8217;idioma, el tipus de navegador a trav\u00e9s del qual s&#8217;accedeix al servei, la configuraci\u00f3 regional des d&#8217;on s&#8217;accedeix al servei, etc.<br \/>\nD&#8217;an\u00e0lisi: s\u00f3n aquelles que, tractades per nosaltres o per tercers, ens permeten quantificar el nombre d&#8217;usuaris i aix\u00ed realitzar el mesurament i an\u00e0lisi estad\u00edstica de la utilitzaci\u00f3 que fan els usuaris\/as del servei oferit. Per a aix\u00f2 s&#8217;analitza la seua navegaci\u00f3 en la nostra p\u00e0gina web amb la finalitat de millorar l&#8217;oferta de productes o serveis que li oferim.<\/p>\n<p>3. Identificaci\u00f3 de qui utilitza les cookies<\/p>\n<p>La informaci\u00f3 obtinguda per les cookies \u00e9s tractada nom\u00e9s per Carpe Estudi Coop. V. i\/o tamb\u00e9 per tercers que presten un servei per al qual es requerisca l&#8217;\u00fas de cookies:<\/p>\n<p>Cookies pr\u00f2pies: s\u00f3n aquelles que s&#8217;envien al seu equip des dels nostres propis equips o dominis i des del qual prestem el servei que ens sol\u00b7licita.<br \/>\nCookies de tercers: s\u00f3n aquelles que s&#8217;envien al seu equip des d&#8217;un equip o domini que no \u00e9s gestionat per nosaltres, sin\u00f3 per una altra entitat col\u00b7laboradora. Com, per exemple, les usades per xarxes socials, o per contingut extern com Google, les que permeten quantificar el nombre d&#8217;usuaris\/as i aix\u00ed realitzar el mesurament i an\u00e0lisi estad\u00edstica de la utilitzaci\u00f3 que fan els usuaris\/as del servei oferit. Per a aix\u00f2 s&#8217;analitza la seua navegaci\u00f3 en la nostra p\u00e0gina web amb la finalitat de millorar l&#8217;oferta de productes o serveis que li oferim.<\/p>\n<p>4. Per\u00edode de conservaci\u00f3<\/p>\n<p>Cookies de sessi\u00f3: s\u00f3n cookies temporals que romanen en l&#8217;arxiu de cookies del seu navegador fins que l&#8217;usuari\/a abandona la p\u00e0gina web, per la qual cosa cap queda registrada en el disc dur del seu ordinador. La informaci\u00f3 obtinguda per mitj\u00e0 d&#8217;aquestes cookies, serveixen per a analitzar pautes de tr\u00e0nsit en el web. A la llarga, aix\u00f2 ens permet proporcionar una millor experi\u00e8ncia per a millorar el contingut i facilitar el seu \u00fas.<br \/>\nCookies persistents: s\u00f3n emmagatzemades en el disc dur i la nostra web les llig cada vegada que l&#8217;usuari\/a realitza una nova visita. Una cookie permanent posseeix una data d&#8217;expiraci\u00f3 determinada. La cookie deixar\u00e0 de funcionar despr\u00e9s d&#8217;eixa data.<\/p>\n<p>5. Activaci\u00f3, restricci\u00f3 i\/o inhabilitaci\u00f3 de cookies<\/p>\n<p>Pot vost\u00e9 permetre o bloquejar-les cookies, aix\u00ed com esborrar les seues dades de navegaci\u00f3 (incloses les cookies) des del navegador que vost\u00e9 utilitza. Consulte les opcions i instruccions que ofereix el seu navegador per a aix\u00f2. Tinga en compte que si accepta les cookies de tercers, haur\u00e0 d&#8217;eliminar-les des de les opcions del seu navegador.<\/p>\n<p>6. No realitzem transfer\u00e8ncia de dades a tercers pa\u00efsos realitzades per l&#8217;editor<\/p>\n<p>Pots informar-te de les transfer\u00e8ncies a tercers pa\u00efsos que, si \u00e9s el cas, realitzen els tercers identificats en aquesta pol\u00edtica de cookies en els seus corresponents pol\u00edtiques.<\/p>\n<p>7. Elaboraci\u00f3 de perfils<\/p>\n<p>No realitzem elaboraci\u00f3 de perfils de cap mena.<\/p>\n","protected":false},"excerpt":{"rendered":"<p>1. Definici\u00f3 i funci\u00f3 gen\u00e8rica de les cookies Carpe Estudi Coop. V., el titular d&#8217;aquest lloc web, informa que s&#8217;utilitzen cookies i\/o tecnologies similars que emmagatzemen i recuperen informaci\u00f3 quan navegues. En general, aquestes tecnologies poden servir per a finalitats molt diverses, com, per exemple, recon\u00e9ixer-te com a usuari, obtindre informaci\u00f3 sobre els teus h\u00e0bits [&hellip;]<\/p>\n","protected":false},"author":3,"featured_media":0,"parent":0,"menu_order":0,"comment_status":"closed","ping_status":"closed","template":"","meta":{"_acf_changed":false,"inline_featured_image":false,"footnotes":""},"class_list":["post-4436","page","type-page","status-publish","hentry"],"acf":[],"yoast_head":"<!-- This site is optimized with the Yoast SEO plugin v27.4 - https:\/\/yoast.com\/product\/yoast-seo-wordpress\/ -->\n<title>Pol\u00edtica de Cookies - Carpe<\/title>\n<meta name=\"robots\" content=\"index, follow, max-snippet:-1, max-image-preview:large, max-video-preview:-1\" \/>\n<link rel=\"canonical\" href=\"https:\/\/carpe.studio\/ca\/politica-de-cookies\/\" \/>\n<meta property=\"og:locale\" content=\"ca_ES\" \/>\n<meta property=\"og:type\" content=\"article\" \/>\n<meta property=\"og:title\" content=\"Pol\u00edtica de Cookies - Carpe\" \/>\n<meta property=\"og:description\" content=\"1. Definici\u00f3 i funci\u00f3 gen\u00e8rica de les cookies Carpe Estudi Coop. V., el titular d&#8217;aquest lloc web, informa que s&#8217;utilitzen cookies i\/o tecnologies similars que emmagatzemen i recuperen informaci\u00f3 quan navegues. En general, aquestes tecnologies poden servir per a finalitats molt diverses, com, per exemple, recon\u00e9ixer-te com a usuari, obtindre informaci\u00f3 sobre els teus h\u00e0bits [&hellip;]\" \/>\n<meta property=\"og:url\" content=\"https:\/\/carpe.studio\/ca\/politica-de-cookies\/\" \/>\n<meta property=\"og:site_name\" content=\"Carpe\" \/>\n<meta property=\"article:modified_time\" content=\"2024-05-13T12:22:44+00:00\" \/>\n<meta name=\"twitter:card\" content=\"summary_large_image\" \/>\n<meta name=\"twitter:label1\" content=\"Temps estimat de lectura\" \/>\n\t<meta name=\"twitter:data1\" content=\"3 minuts\" \/>\n<script type=\"application\/ld+json\" class=\"yoast-schema-graph\">{\"@context\":\"https:\\\/\\\/schema.org\",\"@graph\":[{\"@type\":\"WebPage\",\"@id\":\"https:\\\/\\\/carpe.studio\\\/ca\\\/politica-de-cookies\\\/\",\"url\":\"https:\\\/\\\/carpe.studio\\\/ca\\\/politica-de-cookies\\\/\",\"name\":\"Pol\u00edtica de Cookies - Carpe\",\"isPartOf\":{\"@id\":\"https:\\\/\\\/carpe.studio\\\/#website\"},\"datePublished\":\"2024-05-13T11:40:05+00:00\",\"dateModified\":\"2024-05-13T12:22:44+00:00\",\"breadcrumb\":{\"@id\":\"https:\\\/\\\/carpe.studio\\\/ca\\\/politica-de-cookies\\\/#breadcrumb\"},\"inLanguage\":\"ca\",\"potentialAction\":[{\"@type\":\"ReadAction\",\"target\":[\"https:\\\/\\\/carpe.studio\\\/ca\\\/politica-de-cookies\\\/\"]}]},{\"@type\":\"BreadcrumbList\",\"@id\":\"https:\\\/\\\/carpe.studio\\\/ca\\\/politica-de-cookies\\\/#breadcrumb\",\"itemListElement\":[{\"@type\":\"ListItem\",\"position\":1,\"name\":\"Portada\",\"item\":\"https:\\\/\\\/carpe.studio\\\/ca\\\/\"},{\"@type\":\"ListItem\",\"position\":2,\"name\":\"Pol\u00edtica de Cookies\"}]},{\"@type\":\"WebSite\",\"@id\":\"https:\\\/\\\/carpe.studio\\\/#website\",\"url\":\"https:\\\/\\\/carpe.studio\\\/\",\"name\":\"Carpe.studio\",\"description\":\"Dise\u00f1o, colaboraci\u00f3n e innovaci\u00f3n ciudadana\",\"publisher\":{\"@id\":\"https:\\\/\\\/carpe.studio\\\/#organization\"},\"potentialAction\":[{\"@type\":\"SearchAction\",\"target\":{\"@type\":\"EntryPoint\",\"urlTemplate\":\"https:\\\/\\\/carpe.studio\\\/?s={search_term_string}\"},\"query-input\":{\"@type\":\"PropertyValueSpecification\",\"valueRequired\":true,\"valueName\":\"search_term_string\"}}],\"inLanguage\":\"ca\"},{\"@type\":\"Organization\",\"@id\":\"https:\\\/\\\/carpe.studio\\\/#organization\",\"name\":\"Carpe.studio\",\"url\":\"https:\\\/\\\/carpe.studio\\\/\",\"logo\":{\"@type\":\"ImageObject\",\"inLanguage\":\"ca\",\"@id\":\"https:\\\/\\\/carpe.studio\\\/#\\\/schema\\\/logo\\\/image\\\/\",\"url\":\"https:\\\/\\\/carpe.studio\\\/wp-content\\\/uploads\\\/2022\\\/12\\\/carpe-logo-newsletter5.png\",\"contentUrl\":\"https:\\\/\\\/carpe.studio\\\/wp-content\\\/uploads\\\/2022\\\/12\\\/carpe-logo-newsletter5.png\",\"width\":194,\"height\":49,\"caption\":\"Carpe.studio\"},\"image\":{\"@id\":\"https:\\\/\\\/carpe.studio\\\/#\\\/schema\\\/logo\\\/image\\\/\"}}]}<\/script>\n<!-- \/ Yoast SEO plugin. -->","yoast_head_json":{"title":"Pol\u00edtica de Cookies - Carpe","robots":{"index":"index","follow":"follow","max-snippet":"max-snippet:-1","max-image-preview":"max-image-preview:large","max-video-preview":"max-video-preview:-1"},"canonical":"https:\/\/carpe.studio\/ca\/politica-de-cookies\/","og_locale":"ca_ES","og_type":"article","og_title":"Pol\u00edtica de Cookies - Carpe","og_description":"1. Definici\u00f3 i funci\u00f3 gen\u00e8rica de les cookies Carpe Estudi Coop. V., el titular d&#8217;aquest lloc web, informa que s&#8217;utilitzen cookies i\/o tecnologies similars que emmagatzemen i recuperen informaci\u00f3 quan navegues. En general, aquestes tecnologies poden servir per a finalitats molt diverses, com, per exemple, recon\u00e9ixer-te com a usuari, obtindre informaci\u00f3 sobre els teus h\u00e0bits [&hellip;]","og_url":"https:\/\/carpe.studio\/ca\/politica-de-cookies\/","og_site_name":"Carpe","article_modified_time":"2024-05-13T12:22:44+00:00","twitter_card":"summary_large_image","twitter_misc":{"Temps estimat de lectura":"3 minuts"},"schema":{"@context":"https:\/\/schema.org","@graph":[{"@type":"WebPage","@id":"https:\/\/carpe.studio\/ca\/politica-de-cookies\/","url":"https:\/\/carpe.studio\/ca\/politica-de-cookies\/","name":"Pol\u00edtica de Cookies - Carpe","isPartOf":{"@id":"https:\/\/carpe.studio\/#website"},"datePublished":"2024-05-13T11:40:05+00:00","dateModified":"2024-05-13T12:22:44+00:00","breadcrumb":{"@id":"https:\/\/carpe.studio\/ca\/politica-de-cookies\/#breadcrumb"},"inLanguage":"ca","potentialAction":[{"@type":"ReadAction","target":["https:\/\/carpe.studio\/ca\/politica-de-cookies\/"]}]},{"@type":"BreadcrumbList","@id":"https:\/\/carpe.studio\/ca\/politica-de-cookies\/#breadcrumb","itemListElement":[{"@type":"ListItem","position":1,"name":"Portada","item":"https:\/\/carpe.studio\/ca\/"},{"@type":"ListItem","position":2,"name":"Pol\u00edtica de Cookies"}]},{"@type":"WebSite","@id":"https:\/\/carpe.studio\/#website","url":"https:\/\/carpe.studio\/","name":"Carpe.studio","description":"Dise\u00f1o, colaboraci\u00f3n e innovaci\u00f3n ciudadana","publisher":{"@id":"https:\/\/carpe.studio\/#organization"},"potentialAction":[{"@type":"SearchAction","target":{"@type":"EntryPoint","urlTemplate":"https:\/\/carpe.studio\/?s={search_term_string}"},"query-input":{"@type":"PropertyValueSpecification","valueRequired":true,"valueName":"search_term_string"}}],"inLanguage":"ca"},{"@type":"Organization","@id":"https:\/\/carpe.studio\/#organization","name":"Carpe.studio","url":"https:\/\/carpe.studio\/","logo":{"@type":"ImageObject","inLanguage":"ca","@id":"https:\/\/carpe.studio\/#\/schema\/logo\/image\/","url":"https:\/\/carpe.studio\/wp-content\/uploads\/2022\/12\/carpe-logo-newsletter5.png","contentUrl":"https:\/\/carpe.studio\/wp-content\/uploads\/2022\/12\/carpe-logo-newsletter5.png","width":194,"height":49,"caption":"Carpe.studio"},"image":{"@id":"https:\/\/carpe.studio\/#\/schema\/logo\/image\/"}}]}},"_links":{"self":[{"href":"https:\/\/carpe.studio\/ca\/wp-json\/wp\/v2\/pages\/4436","targetHints":{"allow":["GET"]}}],"collection":[{"href":"https:\/\/carpe.studio\/ca\/wp-json\/wp\/v2\/pages"}],"about":[{"href":"https:\/\/carpe.studio\/ca\/wp-json\/wp\/v2\/types\/page"}],"author":[{"embeddable":true,"href":"https:\/\/carpe.studio\/ca\/wp-json\/wp\/v2\/users\/3"}],"replies":[{"embeddable":true,"href":"https:\/\/carpe.studio\/ca\/wp-json\/wp\/v2\/comments?post=4436"}],"version-history":[{"count":1,"href":"https:\/\/carpe.studio\/ca\/wp-json\/wp\/v2\/pages\/4436\/revisions"}],"predecessor-version":[{"id":4437,"href":"https:\/\/carpe.studio\/ca\/wp-json\/wp\/v2\/pages\/4436\/revisions\/4437"}],"wp:attachment":[{"href":"https:\/\/carpe.studio\/ca\/wp-json\/wp\/v2\/media?parent=4436"}],"curies":[{"name":"wp","href":"https:\/\/api.w.org\/{rel}","templated":true}]}}